{"id":122,"date":"2015-05-03T17:00:36","date_gmt":"2015-05-03T17:00:36","guid":{"rendered":"http:\/\/www.gradinitasfantamarina.ro\/?page_id=122"},"modified":"2021-04-03T08:19:36","modified_gmt":"2021-04-03T08:19:36","slug":"acasa","status":"publish","type":"page","link":"https:\/\/www.gradinitasfantamarina.ro\/","title":{"rendered":"Despre noi"},"content":{"rendered":"<p>[et_pb_section fb_built=&#8221;1&#8243; _builder_version=&#8221;4.9.2&#8243; background_color=&#8221;#d9f4b1&#8243; hover_enabled=&#8221;0&#8243; transparent_background=&#8221;off&#8221; disabled_on=&#8221;on|on|on&#8221; disabled=&#8221;on&#8221; sticky_enabled=&#8221;0&#8243;][et_pb_row _builder_version=&#8221;3.25&#8243; background_size=&#8221;initial&#8221; background_position=&#8221;top_left&#8221; background_repeat=&#8221;repeat&#8221;][et_pb_column type=&#8221;4_4&#8243; _builder_version=&#8221;3.25&#8243; custom_padding=&#8221;|||&#8221; custom_padding__hover=&#8221;|||&#8221;][et_pb_slider admin_label=&#8221;Slider&#8221; _builder_version=&#8221;3.16&#8243; custom_padding=&#8221;|||&#8221; custom_padding_tablet=&#8221;|||&#8221; custom_padding_phone=&#8221;|||&#8221; auto=&#8221;on&#8221; box_shadow_style=&#8221;preset6&#8243; box_shadow_blur=&#8221;10px&#8221; box_shadow_color=&#8221;rgba(0,0,0,0.1)&#8221; show_inner_shadow=&#8221;on&#8221; button_text_size__hover_enabled=&#8221;off&#8221; button_one_text_size__hover_enabled=&#8221;off&#8221; button_two_text_size__hover_enabled=&#8221;off&#8221; button_text_color__hover_enabled=&#8221;off&#8221; button_one_text_color__hover_enabled=&#8221;off&#8221; button_two_text_color__hover_enabled=&#8221;off&#8221; button_border_width__hover_enabled=&#8221;off&#8221; button_one_border_width__hover_enabled=&#8221;off&#8221; button_two_border_width__hover_enabled=&#8221;off&#8221; button_border_color__hover_enabled=&#8221;off&#8221; button_one_border_color__hover_enabled=&#8221;off&#8221; button_two_border_color__hover_enabled=&#8221;off&#8221; button_border_radius__hover_enabled=&#8221;off&#8221; button_one_border_radius__hover_enabled=&#8221;off&#8221; button_two_border_radius__hover_enabled=&#8221;off&#8221; button_letter_spacing__hover_enabled=&#8221;off&#8221; button_one_letter_spacing__hover_enabled=&#8221;off&#8221; button_two_letter_spacing__hover_enabled=&#8221;off&#8221; button_bg_color__hover_enabled=&#8221;off&#8221; button_one_bg_color__hover_enabled=&#8221;off&#8221; button_two_bg_color__hover_enabled=&#8221;off&#8221;][et_pb_slide _builder_version=&#8221;3.16&#8243; background_color=&#8221;#c4e860&#8243; button_text_size__hover_enabled=&#8221;off&#8221; button_one_text_size__hover_enabled=&#8221;off&#8221; button_two_text_size__hover_enabled=&#8221;off&#8221; button_text_color__hover_enabled=&#8221;off&#8221; button_one_text_color__hover_enabled=&#8221;off&#8221; button_two_text_color__hover_enabled=&#8221;off&#8221; button_border_width__hover_enabled=&#8221;off&#8221; button_one_border_width__hover_enabled=&#8221;off&#8221; button_two_border_width__hover_enabled=&#8221;off&#8221; button_border_color__hover_enabled=&#8221;off&#8221; button_one_border_color__hover_enabled=&#8221;off&#8221; button_two_border_color__hover_enabled=&#8221;off&#8221; button_border_radius__hover_enabled=&#8221;off&#8221; button_one_border_radius__hover_enabled=&#8221;off&#8221; button_two_border_radius__hover_enabled=&#8221;off&#8221; button_letter_spacing__hover_enabled=&#8221;off&#8221; button_one_letter_spacing__hover_enabled=&#8221;off&#8221; button_two_letter_spacing__hover_enabled=&#8221;off&#8221; button_bg_color__hover_enabled=&#8221;off&#8221; button_one_bg_color__hover_enabled=&#8221;off&#8221; button_two_bg_color__hover_enabled=&#8221;off&#8221; sticky_transition=&#8221;on&#8221;]<\/p>\n<h1><em><strong>SUNTEM CEEA CE C\u0102UTA\u021aI!<\/strong><\/em><\/h1>\n<h1><em><strong>O ALTERNATIV\u0102 EUROPEAN\u0102 PENTRU EDUCA\u021aIA \u0218I INSTRUIREA COPILULUI DUMNEAVOASTR\u0102!<\/strong><\/em><\/h1>\n<p>[\/et_pb_slide][et_pb_slide _builder_version=&#8221;3.16&#8243; background_color=&#8221;#ffe1c7&#8243; background_image=&#8221;http:\/\/www.gradinitasfantamarina.ro\/wp-content\/uploads\/2015\/05\/10410544_891379447554197_5223919990861448201_n.jpg&#8221; hover_enabled=&#8221;0&#8243; button_text_size__hover_enabled=&#8221;off&#8221; button_one_text_size__hover_enabled=&#8221;off&#8221; button_two_text_size__hover_enabled=&#8221;off&#8221; button_text_color__hover_enabled=&#8221;off&#8221; button_one_text_color__hover_enabled=&#8221;off&#8221; button_two_text_color__hover_enabled=&#8221;off&#8221; button_border_width__hover_enabled=&#8221;off&#8221; button_one_border_width__hover_enabled=&#8221;off&#8221; button_two_border_width__hover_enabled=&#8221;off&#8221; button_border_color__hover_enabled=&#8221;off&#8221; button_one_border_color__hover_enabled=&#8221;off&#8221; button_two_border_color__hover_enabled=&#8221;off&#8221; button_border_radius__hover_enabled=&#8221;off&#8221; button_one_border_radius__hover_enabled=&#8221;off&#8221; button_two_border_radius__hover_enabled=&#8221;off&#8221; button_letter_spacing__hover_enabled=&#8221;off&#8221; button_one_letter_spacing__hover_enabled=&#8221;off&#8221; button_two_letter_spacing__hover_enabled=&#8221;off&#8221; button_bg_color__hover_enabled=&#8221;off&#8221; button_one_bg_color__hover_enabled=&#8221;off&#8221; button_two_bg_color__hover_enabled=&#8221;off&#8221; sticky_transition=&#8221;on&#8221; sticky_enabled=&#8221;0&#8243;][\/et_pb_slide][et_pb_slide _builder_version=&#8221;3.16&#8243; background_color=&#8221;#ffe1c7&#8243; background_image=&#8221;http:\/\/www.gradinitasfantamarina.ro\/wp-content\/uploads\/2015\/05\/image9.jpg&#8221; button_text_size__hover_enabled=&#8221;off&#8221; button_one_text_size__hover_enabled=&#8221;off&#8221; button_two_text_size__hover_enabled=&#8221;off&#8221; button_text_color__hover_enabled=&#8221;off&#8221; button_one_text_color__hover_enabled=&#8221;off&#8221; button_two_text_color__hover_enabled=&#8221;off&#8221; button_border_width__hover_enabled=&#8221;off&#8221; button_one_border_width__hover_enabled=&#8221;off&#8221; button_two_border_width__hover_enabled=&#8221;off&#8221; button_border_color__hover_enabled=&#8221;off&#8221; button_one_border_color__hover_enabled=&#8221;off&#8221; button_two_border_color__hover_enabled=&#8221;off&#8221; button_border_radius__hover_enabled=&#8221;off&#8221; button_one_border_radius__hover_enabled=&#8221;off&#8221; button_two_border_radius__hover_enabled=&#8221;off&#8221; button_letter_spacing__hover_enabled=&#8221;off&#8221; button_one_letter_spacing__hover_enabled=&#8221;off&#8221; button_two_letter_spacing__hover_enabled=&#8221;off&#8221; button_bg_color__hover_enabled=&#8221;off&#8221; button_one_bg_color__hover_enabled=&#8221;off&#8221; button_two_bg_color__hover_enabled=&#8221;off&#8221; sticky_transition=&#8221;on&#8221;][\/et_pb_slide][et_pb_slide _builder_version=&#8221;3.16&#8243; background_color=&#8221;#ffe1c7&#8243; background_image=&#8221;http:\/\/www.gradinitasfantamarina.ro\/wp-content\/uploads\/2015\/05\/image5.jpg&#8221; button_text_size__hover_enabled=&#8221;off&#8221; button_one_text_size__hover_enabled=&#8221;off&#8221; button_two_text_size__hover_enabled=&#8221;off&#8221; button_text_color__hover_enabled=&#8221;off&#8221; button_one_text_color__hover_enabled=&#8221;off&#8221; button_two_text_color__hover_enabled=&#8221;off&#8221; button_border_width__hover_enabled=&#8221;off&#8221; button_one_border_width__hover_enabled=&#8221;off&#8221; button_two_border_width__hover_enabled=&#8221;off&#8221; button_border_color__hover_enabled=&#8221;off&#8221; button_one_border_color__hover_enabled=&#8221;off&#8221; button_two_border_color__hover_enabled=&#8221;off&#8221; button_border_radius__hover_enabled=&#8221;off&#8221; button_one_border_radius__hover_enabled=&#8221;off&#8221; button_two_border_radius__hover_enabled=&#8221;off&#8221; button_letter_spacing__hover_enabled=&#8221;off&#8221; button_one_letter_spacing__hover_enabled=&#8221;off&#8221; button_two_letter_spacing__hover_enabled=&#8221;off&#8221; button_bg_color__hover_enabled=&#8221;off&#8221; button_one_bg_color__hover_enabled=&#8221;off&#8221; button_two_bg_color__hover_enabled=&#8221;off&#8221; sticky_transition=&#8221;on&#8221;][\/et_pb_slide][\/et_pb_slider][\/et_pb_column][\/et_pb_row][\/et_pb_section][et_pb_section fb_built=&#8221;1&#8243; _builder_version=&#8221;3.22&#8243; background_color=&#8221;#ffcea6&#8243; transparent_background=&#8221;off&#8221;][et_pb_row _builder_version=&#8221;3.25&#8243; background_size=&#8221;initial&#8221; background_position=&#8221;top_left&#8221; background_repeat=&#8221;repeat&#8221;][et_pb_column type=&#8221;4_4&#8243; _builder_version=&#8221;3.25&#8243; custom_padding=&#8221;|||&#8221; custom_padding__hover=&#8221;|||&#8221;][et_pb_text admin_label=&#8221;Text&#8221; _builder_version=&#8221;3.27.4&#8243; background_size=&#8221;initial&#8221; background_position=&#8221;top_left&#8221; background_repeat=&#8221;repeat&#8221;]<\/p>\n<h3><em><strong>MISIUNEA GR\u0102DINI\u0162EI CU PROGRAM PRELUNGIT \u201eSF\u00c2NTA MARINA\u201d C\u00c2MPULUNG<\/strong><\/em><\/h3>\n<p>[\/et_pb_text][\/et_pb_column][\/et_pb_row][\/et_pb_section][et_pb_section fb_built=&#8221;1&#8243; _builder_version=&#8221;3.22&#8243; background_color=&#8221;#d9f4b1&#8243; transparent_background=&#8221;off&#8221;][et_pb_row _builder_version=&#8221;3.25&#8243; background_size=&#8221;initial&#8221; background_position=&#8221;top_left&#8221; background_repeat=&#8221;repeat&#8221;][et_pb_column type=&#8221;4_4&#8243; _builder_version=&#8221;3.25&#8243; custom_padding=&#8221;|||&#8221; custom_padding__hover=&#8221;|||&#8221;][et_pb_text admin_label=&#8221;Text&#8221; _builder_version=&#8221;3.27.4&#8243; background_size=&#8221;initial&#8221; background_position=&#8221;top_left&#8221; background_repeat=&#8221;repeat&#8221;]Proiectul de dezvoltare pe termen lung al Gr\u0103dini\u0163ei cu program prelungit \u201eSf\u00e2nta Marina\u201d C\u00e2mpulung \u00ee\u015fi formeaz\u0103 misiunea plec\u00e2nd de la ceea ce \u00eenseamn\u0103 \u00eenv\u0103\u0163\u0103m\u00e2nt de calitate.<\/p>\n<p>Gr\u0103dini\u0163a cu program prelungit \u201eSf\u00e2nta Marina\u201d C\u00e2mpulung\u00a0\u00a0\u00a0\u00a0\u00a0\u00a0este locul unde COPIL\u0102RIA, cu farmecul ei este la ea acas\u0103 \u015fi unde, cu delicate\u0163e sunt dest\u0103inuite tainele cunoa\u015fterii.<\/p>\n<p>Gr\u0103dini\u0163a este o institu\u0163ie de educa\u0163ie, are rol de a oferi sprijin educativ pentru copii \u015fi p\u0103rin\u0163i. Ea este terenul unor rela\u0163ii educative dintre care fiecare beneficiar-p\u0103rinte, copil, educator<\/p>\n<p>are de \u00eenv\u0103\u0163at \u015fi trebuie s\u0103 se simt\u0103 valorificat \u015fi important.<br \/>\n<strong>Misiunea <\/strong>noastr\u0103 este de<strong> \u201e<em>promovare a unui \u00eenva\u0163\u0103m\u00e2nt deschis \u015fi flexibil, capabil s\u0103 asigure accesul egal la educatie pentru to\u0163i copiii, indiferent de condi\u0163ia material\u0103, nationalitate, ras\u0103, apartenen\u0163\u0103 religioas\u0103, din perspectiva form\u0103rii de competen\u0163e, atitudini \u015fi valori\u201d<\/em><\/strong><em>,<\/em> urm\u0103rind obiectivele:<\/p>\n<ul>\n<li>Formarea personalit\u0103\u0163ii copilului \u0163in\u00e2nd seama de nivelul s\u0103u propriu de dezvoltare, de nevoile sale afective \u015fi de activitatea sa fundamental\u0103- jocul;<\/li>\n<li>Asigurarea unui act educa\u0163ional de performan\u0163\u0103, care s\u0103 contribuie la formarea unei personalit\u0103\u0163i autonome \u015fi creative, la formarea unor copii s\u0103n\u0103to\u015fi, creativi, active, cooperan\u0163i, care s\u0103 se adapteze u\u015for la regimul \u015fcolar \u015fi la orice situa\u0163ie din via\u0163\u0103;<\/li>\n<li>Asigurarea p\u0103rin\u0163ilor ca educa\u0163ia copiilor se face \u00eentr-un mediu sigur prin \u00eent\u0103rirea parteneriatului cu p\u0103rin\u0163ii;<\/li>\n<li>Asigurarea condi\u0163iilor necesare pentru dezvoltarea fizic\u0103, psihic\u0103, moral\u0103 \u015fi intelectual\u0103 a copiilor;<\/li>\n<li>Evitarea exprim\u0103rilor, prejudec\u0103\u0163ilor\u00a0 de tip discriminator \u015fi \u00eencurajarea diversit\u0103\u0163ii;<\/li>\n<li>Dezvoltarea personalit\u0103\u0163ii copilului sub premise ,,\u00eenva\u0163\u0103-l s\u0103 \u00eenve\u0163e singur\u201d;<\/li>\n<li>\u015eanse egale de dezvoltare global\u0103 \u015fi intelectual\u0103 a tuturor copiilor;<\/li>\n<li>Dezvoltare de parteneriate cu: familia, comunitatea, \u015fcoli, gr\u0103dini\u0163e din jude\u0163, \u0163ar\u0103 \u015fi str\u0103in\u0103tate.<\/li>\n<\/ul>\n<h1><em><b><\/b><br \/>\n<\/em><\/h1>\n<p>[\/et_pb_text][\/et_pb_column][\/et_pb_row][\/et_pb_section][et_pb_section fb_built=&#8221;1&#8243; _builder_version=&#8221;3.22&#8243; background_color=&#8221;#ffcea6&#8243; transparent_background=&#8221;off&#8221;][et_pb_row _builder_version=&#8221;3.25&#8243; background_size=&#8221;initial&#8221; background_position=&#8221;top_left&#8221; background_repeat=&#8221;repeat&#8221;][et_pb_column type=&#8221;4_4&#8243; _builder_version=&#8221;3.25&#8243; custom_padding=&#8221;|||&#8221; custom_padding__hover=&#8221;|||&#8221;][et_pb_text admin_label=&#8221;Text&#8221; _builder_version=&#8221;3.27.4&#8243; background_size=&#8221;initial&#8221; background_position=&#8221;top_left&#8221; background_repeat=&#8221;repeat&#8221;]<\/p>\n<h3><em><strong>VIZIUNEA GR\u0102DINI\u0162EI CU PROGRAM PRELUNGIT \u201eSF\u00c2NTA MARINA\u201d C\u00c2MPULUNG<\/strong><\/em><\/h3>\n<p>[\/et_pb_text][\/et_pb_column][\/et_pb_row][\/et_pb_section][et_pb_section fb_built=&#8221;1&#8243; _builder_version=&#8221;3.22&#8243; background_color=&#8221;#d9f4b1&#8243; transparent_background=&#8221;off&#8221;][et_pb_row _builder_version=&#8221;3.25&#8243; background_size=&#8221;initial&#8221; background_position=&#8221;top_left&#8221; background_repeat=&#8221;repeat&#8221;][et_pb_column type=&#8221;4_4&#8243; _builder_version=&#8221;3.25&#8243; custom_padding=&#8221;|||&#8221; custom_padding__hover=&#8221;|||&#8221;][et_pb_text admin_label=&#8221;Text&#8221; _builder_version=&#8221;3.27.4&#8243; background_size=&#8221;initial&#8221; background_position=&#8221;top_left&#8221; background_repeat=&#8221;repeat&#8221;]Sub <strong>deviza \u201c<em>Aici r\u0103sarte soarele! Vino \u015fi tu, copile!\u201d<\/em><\/strong> Gr\u0103dini\u0163a cu Program Prelungit \u201eSf\u00e2nta Marina\u201d C\u00e2mpulung \u00ee\u015fi propune s\u0103 devin\u0103 o <strong>\u201cGr\u0103dini\u0163\u0103 deschis\u0103 pentru to\u0163i\u201d<\/strong> prin crearea climatului socio-educa\u0163ional adecvat unei preg\u0103tiri de calitate, de nivel european, a unui mediu democratic \u015fi creativ de dezvoltare pentru to\u0163i \u015fi pentru fiecare.<\/p>\n<p>Tot ceea ce \u015ftim, credem \u015fi g\u00e2ndim despre copil se reflect\u0103 \u00een tot ceea ce facem pentru el.<\/p>\n<p>Cu c\u00e2t ne vom apropia mai mult de el \u015fi \u00eel vom \u00een\u0163elege mai bine cu at\u00e2t vom \u00eenv\u0103\u0163a mai multe despre ceea ce ar trebuie s\u0103 facem pentru al ajuta s\u0103 creasc\u0103 \u015fi s\u0103 se dezvolte la nivelul \u00eentregului poten\u0163ial de care dispune.<\/p>\n<p>Noi ne propunem s\u0103 fim o gr\u0103dini\u0163\u0103 care asigur\u0103 egalitatea de \u015fanse pentru to\u0163i copiii indiferent de mediul social din care provin, de apartenen\u0163a etnic\u0103 sau religioas\u0103 altfel spus, u\u015file Gr\u0103dini\u0163ei cu Program Prelungit \u201eSf\u00e2nta Marina\u201d sunt deschise tuturor copiilor.<br \/>\n[\/et_pb_text][\/et_pb_column][\/et_pb_row][et_pb_row column_structure=&#8221;1_2,1_2&#8243; _builder_version=&#8221;3.25&#8243; background_size=&#8221;initial&#8221; background_position=&#8221;top_left&#8221; background_repeat=&#8221;repeat&#8221;][et_pb_column type=&#8221;1_2&#8243; _builder_version=&#8221;3.25&#8243; custom_padding=&#8221;|||&#8221; custom_padding__hover=&#8221;|||&#8221;][et_pb_text admin_label=&#8221;Text&#8221; _builder_version=&#8221;3.27.4&#8243; background_size=&#8221;initial&#8221; background_position=&#8221;top_left&#8221; background_repeat=&#8221;repeat&#8221;]<em><strong> PRIORIT\u0102\u0162I NA\u0162IONALE<\/strong><\/em><\/p>\n<ol>\n<li>Implementarea metodelor de \u00eenv\u0103\u0163are centrat\u0103 pe copil;<\/li>\n<li>Dezvoltarea parteneriatelor cu agen\u0163ii economici, institu\u0163ii \u015fi ONG- uri;<\/li>\n<li>Dezvoltarea curriculelor, conform cerintelor graficului tinta;<\/li>\n<li>Elaborarea \u015fi dezvoltarea standardelor de formare profesional\u0103;<\/li>\n<li>Formarea continu\u0103 (metodica specific\u0103);<\/li>\n<li>Asigurarea calit\u0103\u0163ii \u00een educa\u0163ie prin predare \u2013 \u00eenv\u0103\u0163are \u015fi chiar cercetare care s\u0103 contribuie la dezvoltarea personal\u0103 a prescolarilor;<\/li>\n<li>Modernizarea bazei materiale a \u00eenv\u0103\u0163\u0103m\u00e2ntului preuniversitar;<\/li>\n<li>Asigurarea unui management educa\u0163ional de \u00eenalt\u0103 performan\u0163\u0103;<\/li>\n<li>Oferirea de \u015fanse egale \u00een educa\u0163ie indiferent de na\u0163ionalitate, sex sau minoritate;<\/li>\n<li>Dezvoltarea unor auxiliare ,materiale didactice pentru formare diferen\u0163iat\u0103;<\/li>\n<li>\u00a0Asigurarea condi\u0163iilor pentru integrare european\u0103.<\/li>\n<\/ol>\n<p>[\/et_pb_text][\/et_pb_column][et_pb_column type=&#8221;1_2&#8243; _builder_version=&#8221;3.25&#8243; custom_padding=&#8221;|||&#8221; custom_padding__hover=&#8221;|||&#8221;][et_pb_text admin_label=&#8221;Text&#8221; _builder_version=&#8221;3.27.4&#8243; background_size=&#8221;initial&#8221; background_position=&#8221;top_left&#8221; background_repeat=&#8221;repeat&#8221;]<em><strong>PRIORIT\u0102\u0162I \u015eI OBIECTIVE REGIONALE \u015eI LOCALE<\/strong><\/em><\/p>\n<ol>\n<li>Dezvoltarea capacit\u0103\u0163ii de orientare \u015fcolar\u0103 \u015fi profesional\u0103;<\/li>\n<li>Dezvoltarea parteneriatului <strong>GR\u0102DINI\u021aA- COMUNITATEA LOCAL\u0102<\/strong>;<\/li>\n<li>Prognoze sectoriale pe termen mediu \u015fi lung.<\/li>\n<\/ol>\n<p>[\/et_pb_text][\/et_pb_column][\/et_pb_row][\/et_pb_section][et_pb_section fb_built=&#8221;1&#8243; _builder_version=&#8221;3.22&#8243; background_color=&#8221;#ffcea6&#8243; transparent_background=&#8221;off&#8221;][et_pb_row _builder_version=&#8221;3.25&#8243; background_size=&#8221;initial&#8221; background_position=&#8221;top_left&#8221; background_repeat=&#8221;repeat&#8221;][et_pb_column type=&#8221;4_4&#8243; _builder_version=&#8221;3.25&#8243; custom_padding=&#8221;|||&#8221; custom_padding__hover=&#8221;|||&#8221;][et_pb_text admin_label=&#8221;Text&#8221; _builder_version=&#8221;3.27.4&#8243; background_size=&#8221;initial&#8221; background_position=&#8221;top_left&#8221; background_repeat=&#8221;repeat&#8221;]<\/p>\n<h3><em><strong>\u0162INTELE STRATEGICE ALE GR\u0102DINI\u021aEI<br \/>\n<\/strong><\/em><\/h3>\n<p>[\/et_pb_text][\/et_pb_column][\/et_pb_row][\/et_pb_section][et_pb_section fb_built=&#8221;1&#8243; _builder_version=&#8221;3.22&#8243; background_color=&#8221;#d9f4b1&#8243; transparent_background=&#8221;off&#8221;][et_pb_row _builder_version=&#8221;3.25&#8243; background_size=&#8221;initial&#8221; background_position=&#8221;top_left&#8221; background_repeat=&#8221;repeat&#8221;][et_pb_column type=&#8221;4_4&#8243; _builder_version=&#8221;3.25&#8243; custom_padding=&#8221;|||&#8221; custom_padding__hover=&#8221;|||&#8221;][et_pb_text admin_label=&#8221;Text&#8221; _builder_version=&#8221;3.27.4&#8243; background_size=&#8221;initial&#8221; background_position=&#8221;top_left&#8221; background_repeat=&#8221;repeat&#8221;]Gr\u0103dini\u0163a cu Program Prelungit \u201eSf\u00e2nta Marina\u201d are urm\u0103toarele <strong>\u021aINTE STRATEGICE:<\/strong><\/p>\n<ul>\n<li><strong><em>Asigurarea unui management eficient bazat pe motivare, implicare, participare;<\/em><\/strong><\/li>\n<li><strong><em>Cre\u015fterea calit\u0103\u0163ii actului instructiv-educativ prin derularea de programe \u015fi strategii pentru asigurarea unui climat stimulativ pentru performan\u0163\u0103, prin ofertarea unui Curriculum la decizia gradinitei diversificat \u015fi atractiv, realizat prin consultarea p\u0103rin\u0163ilor;<\/em><\/strong><\/li>\n<li><strong><em>Stimularea dezvolt\u0103rii personale \u015fi profesionale a personalului didactic stimul\u00e2nd receptivitatea la nou \u015fi interesul pentru perfec\u0163ionare \u015fi formare continu\u0103; <\/em><\/strong><\/li>\n<li><strong><em>Diversificarea, \u00eembun\u0103t\u0103\u0163irea \u015fi exploatarea ra\u0163ional\u0103 a resurselor materiale \u015fi financiare si <\/em><\/strong><strong><em>dezvoltarea acestuia prin atragerea de fonduri extrabugetare;<\/em><\/strong><\/li>\n<li><strong><em>Promovarea imaginii gradinitei \u00een contextul climatului concuren\u0163ial actual de descentralizare \u015fi autonomie institu\u0163ional\u0103.<\/em><\/strong><\/li>\n<\/ul>\n<p>[\/et_pb_text][\/et_pb_column][\/et_pb_row][\/et_pb_section][et_pb_section fb_built=&#8221;1&#8243; disabled_on=&#8221;on|on|on&#8221; _builder_version=&#8221;4.9.2&#8243; background_color=&#8221;#ffcea6&#8243; transparent_background=&#8221;off&#8221; disabled=&#8221;on&#8221;][et_pb_row _builder_version=&#8221;3.25&#8243; background_size=&#8221;initial&#8221; background_position=&#8221;top_left&#8221; background_repeat=&#8221;repeat&#8221;][et_pb_column type=&#8221;4_4&#8243; _builder_version=&#8221;3.25&#8243; custom_padding=&#8221;|||&#8221; custom_padding__hover=&#8221;|||&#8221;][et_pb_gallery gallery_ids=&#8221;363,362,357,352&#8243; admin_label=&#8221;Galerie&#8221; _builder_version=&#8221;3.0.47&#8243;][\/et_pb_gallery][\/et_pb_column][\/et_pb_row][\/et_pb_section][et_pb_section fb_built=&#8221;1&#8243; inner_shadow=&#8221;on&#8221; _builder_version=&#8221;3.22&#8243; background_color=&#8221;#d9f4b1&#8243; transparent_background=&#8221;off&#8221;][et_pb_row column_structure=&#8221;1_2,1_2&#8243; _builder_version=&#8221;3.25&#8243; background_size=&#8221;initial&#8221; background_position=&#8221;top_left&#8221; background_repeat=&#8221;repeat&#8221;][et_pb_column type=&#8221;1_2&#8243; _builder_version=&#8221;3.25&#8243; custom_padding=&#8221;|||&#8221; custom_padding__hover=&#8221;|||&#8221;][et_pb_image src=&#8221;http:\/\/www.gradinitasfantamarina.ro\/wp-content\/uploads\/2015\/05\/1479249_774629852562491_884536183_n.jpg&#8221; align_tablet=&#8221;center&#8221; align_phone=&#8221;&#8221; align_last_edited=&#8221;on|desktop&#8221; admin_label=&#8221;Imagine&#8221; _builder_version=&#8221;3.23&#8243; animation_style=&#8221;slide&#8221; animation_direction=&#8221;left&#8221; animation_duration=&#8221;500ms&#8221; animation_intensity_slide=&#8221;10%&#8221; animation=&#8221;left&#8221; sticky=&#8221;off&#8221;][\/et_pb_image][\/et_pb_column][et_pb_column type=&#8221;1_2&#8243; _builder_version=&#8221;3.25&#8243; custom_padding=&#8221;|||&#8221; custom_padding__hover=&#8221;|||&#8221;][et_pb_text admin_label=&#8221;Text&#8221; _builder_version=&#8221;3.27.4&#8243; background_size=&#8221;initial&#8221; background_position=&#8221;top_left&#8221; background_repeat=&#8221;repeat&#8221;]<\/p>\n<h1><strong>SCURT ISTORIC AL GR\u0102DINI\u0162EI<\/strong><\/h1>\n<p>\u2022 anul 1979 \u2013 S-a \u00eenfiin\u0163at G.P.P. nr. 2 C\u00e2mpulung, prin construirea \u00een cartierul Vi\u015foi a unui spa\u0163iu modern, destinat educa\u0163iei celor mici,\u00a0av\u00e2nd 8 grupe de pre\u015fcolari \u015fi cre\u015f\u0103;<\/p>\n<p>\u2022 anul 2000 \u2013 Din cauza situa\u0163iei economice, gr\u0103dini\u0163a func\u0163ioneaz\u0103 doar cu dou\u0103 grupe de program prelungit \u015fi dou\u0103 grupe de program\u00a0normal;<\/p>\n<p>\u2022 anul 2001 \u2013 \u00cen cadrul unui proiect ini\u0163iat de inspectorul pentru \u00eenv\u0103\u0163\u0103m\u00e2ntul pre\u015fcolar Toma Georgeta, \u00een care parteneri au fost\u00a0Episcopia Arge\u015fului \u015fi Muscelului \u015fi Inspectoratul \u015ecolar Jude\u0163ean Arge\u015f, pentru o identificare \u015fi personalizare a unit\u0103\u0163ilor de\u00a0\u00eenv\u0103\u0163\u0103m\u00e2nt pre\u015fcolar, G.P.P. nr.2 prime\u015fte numele de \u201cSf\u00e2nta Marina\u201d;<\/p>\n<p>\u2022 anul 2006 \u2013 Unitatea \u00eencepe s\u0103 atrag\u0103 un numar din ce \u00een ce mai mare de copii, func\u0163ion\u00e2nd cu cinci grupe de program prelungit \u015fi\u00a0dou\u0103 grupe de program normal;<\/p>\n<p>\u2022 anul 2009 \u2013 Prin decizia Inspectoratului \u015ecolar Jude\u0163ean Arge\u015f, gr\u0103dini\u0163a preia opt grupe de program normal apar\u0163in\u00e2nd gr\u0103dini\u0163elor 3\u00a0\u015fi 4, unitatea func\u0163ion\u00e2nd \u00een acest moment cu 5 grupe de program prelungit \u015fi zece grupe de program normal.<\/p>\n<p>\u2022\u00a0\u00een prezent, unitatea func\u0163ioneaz\u0103 cu un num\u0103r de 6 grupe program prelungit \u015fi 2 grupe de program normal \u015fi are ca structur\u0103 si G.P.P\u00a0nr.1 C\u00e2mpulung situat\u0103 pe str.Matei Basarab nr.57 care func\u0163ioneaz\u0103 cu 2 grupe de program prelungit.<br \/>\n[\/et_pb_text][\/et_pb_column][\/et_pb_row][\/et_pb_section]<\/p>\n","protected":false},"excerpt":{"rendered":"<p>SUNTEM CEEA CE C\u0102UTA\u021aI! O ALTERNATIV\u0102 EUROPEAN\u0102 PENTRU EDUCA\u021aIA \u0218I INSTRUIREA COPILULUI DUMNEAVOASTR\u0102! MISIUNEA GR\u0102DINI\u0162EI CU PROGRAM PRELUNGIT \u201eSF\u00c2NTA MARINA\u201d C\u00c2MPULUNG Proiectul de dezvoltare pe termen lung al Gr\u0103dini\u0163ei cu program prelungit \u201eSf\u00e2nta Marina\u201d C\u00e2mpulung \u00ee\u015fi formeaz\u0103 misiunea plec\u00e2nd de la ceea ce \u00eenseamn\u0103 \u00eenv\u0103\u0163\u0103m\u00e2nt de calitate. Gr\u0103dini\u0163a cu program prelungit \u201eSf\u00e2nta Marina\u201d C\u00e2mpulung\u00a0\u00a0\u00a0\u00a0\u00a0\u00a0este locul [&hellip;]<\/p>\n","protected":false},"author":1,"featured_media":0,"parent":0,"menu_order":0,"comment_status":"open","ping_status":"closed","template":"","meta":{"_et_pb_use_builder":"on","_et_pb_old_content":"","_et_gb_content_width":"","footnotes":""},"class_list":["post-122","page","type-page","status-publish","hentry"],"_links":{"self":[{"href":"https:\/\/www.gradinitasfantamarina.ro\/index.php?rest_route=\/wp\/v2\/pages\/122","targetHints":{"allow":["GET"]}}],"collection":[{"href":"https:\/\/www.gradinitasfantamarina.ro\/index.php?rest_route=\/wp\/v2\/pages"}],"about":[{"href":"https:\/\/www.gradinitasfantamarina.ro\/index.php?rest_route=\/wp\/v2\/types\/page"}],"author":[{"embeddable":true,"href":"https:\/\/www.gradinitasfantamarina.ro\/index.php?rest_route=\/wp\/v2\/users\/1"}],"replies":[{"embeddable":true,"href":"https:\/\/www.gradinitasfantamarina.ro\/index.php?rest_route=%2Fwp%2Fv2%2Fcomments&post=122"}],"version-history":[{"count":98,"href":"https:\/\/www.gradinitasfantamarina.ro\/index.php?rest_route=\/wp\/v2\/pages\/122\/revisions"}],"predecessor-version":[{"id":614,"href":"https:\/\/www.gradinitasfantamarina.ro\/index.php?rest_route=\/wp\/v2\/pages\/122\/revisions\/614"}],"wp:attachment":[{"href":"https:\/\/www.gradinitasfantamarina.ro\/index.php?rest_route=%2Fwp%2Fv2%2Fmedia&parent=122"}],"curies":[{"name":"wp","href":"https:\/\/api.w.org\/{rel}","templated":true}]}}