{"id":815,"date":"2025-09-30T17:11:08","date_gmt":"2025-09-30T17:11:08","guid":{"rendered":"https:\/\/www.gradinitasfantamarina.ro\/?page_id=815"},"modified":"2025-12-11T08:10:41","modified_gmt":"2025-12-11T08:10:41","slug":"violenta","status":"publish","type":"page","link":"https:\/\/www.gradinitasfantamarina.ro\/?page_id=815","title":{"rendered":"Violenta"},"content":{"rendered":"<p>[et_pb_section fb_built=&#8221;1&#8243; _builder_version=&#8221;4.27.4&#8243; _module_preset=&#8221;default&#8221; global_colors_info=&#8221;{}&#8221;][et_pb_row _builder_version=&#8221;4.27.4&#8243; _module_preset=&#8221;default&#8221; global_colors_info=&#8221;{}&#8221;][et_pb_column type=&#8221;4_4&#8243; _builder_version=&#8221;4.27.4&#8243; _module_preset=&#8221;default&#8221; global_colors_info=&#8221;{}&#8221;][et_pb_text _builder_version=&#8221;4.27.4&#8243; _module_preset=&#8221;default&#8221; text_font=&#8221;|||on|||||&#8221; text_text_color=&#8221;#E09900&#8243; text_font_size=&#8221;29px&#8221; text_line_height=&#8221;1.9em&#8221; header_font_size=&#8221;16px&#8221; text_orientation=&#8221;justified&#8221; width=&#8221;100%&#8221; max_width=&#8221;100%&#8221; global_colors_info=&#8221;{}&#8221;]<\/p>\n<p><span>FORMULAR de sesizare a faptelor de violen\u021b\u0103 \u0219i alte abateri de la normele de bun\u0103 conduit\u0103, de c\u0103tre elevi sau personalul \u0219colii<\/span><\/p>\n<p>[\/et_pb_text][\/et_pb_column][\/et_pb_row][et_pb_row _builder_version=&#8221;4.27.4&#8243; _module_preset=&#8221;default&#8221; global_colors_info=&#8221;{}&#8221;][et_pb_column type=&#8221;4_4&#8243; _builder_version=&#8221;4.27.4&#8243; _module_preset=&#8221;default&#8221; global_colors_info=&#8221;{}&#8221;][et_pb_contact_form email=&#8221;bulling@gradinitasfantamarina.ro&#8221; custom_message=&#8221;Formular site sesizare violenta||et_pb_line_break_holder||||et_pb_line_break_holder||Tipul faptelor observate sau tr\u0103ite:||et_pb_line_break_holder||||et_pb_line_break_holder||%%field_1%%||et_pb_line_break_holder||||et_pb_line_break_holder||Descierea faptei:||et_pb_line_break_holder||||et_pb_line_break_holder||%%field_2%%||et_pb_line_break_holder||||et_pb_line_break_holder||Locul \u00een care a avut loc fapta:||et_pb_line_break_holder||||et_pb_line_break_holder||%%field_3%%||et_pb_line_break_holder||||et_pb_line_break_holder||A mai asistat la fapte similare din partea persoanei implicate:||et_pb_line_break_holder||||et_pb_line_break_holder||%%field_4%%&#8221; success_message=&#8221;Mesaj trimis cu succes&#8221; submit_button_text=&#8221;Trimite&#8221; _builder_version=&#8221;4.27.4&#8243; _module_preset=&#8221;default&#8221; _unique_id=&#8221;47c2b944-93bb-44f3-b0bd-f0c62b3b7dc6&#8243; hover_enabled=&#8221;0&#8243; box_shadow_style=&#8221;preset1&#8243; global_colors_info=&#8221;{}&#8221; sticky_enabled=&#8221;0&#8243;][et_pb_contact_field field_id=&#8221;Field_1&#8243; field_title=&#8221;Tipul faptelor observate sau tr\u0103ite (bifeaz\u0103 una sau mai multe op\u021biuni):&#8221; field_type=&#8221;checkbox&#8221; checkbox_options=&#8221;%91{%22value%22:%22violen\u021b\u0103 fizic\u0103 ( de exemplu , lovire, \u00eempingere, tr\u00e2ntire)Tipul faptelor observate sau tr\u0103ite; %22,%22checked%22:0,%22dragID%22:-1},{%22value%22:%22violen\u021b\u0103 verbal\u0103 ( de exemplu jigniri, umiliri, insulte); %22,%22checked%22:0,%22dragID%22:0},{%22value%22:%22h\u0103r\u021buire\/bullying( de exemplu intimidare repetat\u0103, excludere social\u0103, zvonuri); %22,%22checked%22:0,%22dragID%22:1},{%22value%22:%22comportament inadecvat al personalului \u0219colii; %22,%22checked%22:0,%22dragID%22:2},{%22value%22:%22alte situa\u021bii  (Te rug\u0103m s\u0103 detaliezi mai jos).; %22,%22checked%22:0,%22dragID%22:3}%93&#8243; fullwidth_field=&#8221;on&#8221; _builder_version=&#8221;4.27.4&#8243; _module_preset=&#8221;default&#8221; hover_enabled=&#8221;0&#8243; global_colors_info=&#8221;{}&#8221; sticky_enabled=&#8221;0&#8243;][\/et_pb_contact_field][et_pb_contact_field field_id=&#8221;Field_2&#8243; field_title=&#8221; Descrierea faptei. (Ce s-a \u00eent\u00e2mplat? Cine a fost implicat? Cum s-a manifestat fapta?)&#8221; field_type=&#8221;text&#8221; fullwidth_field=&#8221;on&#8221; _builder_version=&#8221;4.27.4&#8243; _module_preset=&#8221;default&#8221; box_shadow_style=&#8221;preset1&#8243; global_colors_info=&#8221;{}&#8221;][\/et_pb_contact_field][et_pb_contact_field field_id=&#8221;Field_3&#8243; field_title=&#8221;Locul \u00een care a avut loc fapta ( de exemplu, sala de clas\u0103, curtea \u0219colii, holuri, toalet\u0103, \u00een afara \u0219colii etc.)&#8221; fullwidth_field=&#8221;on&#8221; _builder_version=&#8221;4.27.4&#8243; _module_preset=&#8221;default&#8221; global_colors_info=&#8221;{}&#8221;][\/et_pb_contact_field][et_pb_contact_field field_id=&#8221;Field_4&#8243; field_title=&#8221;Ai mai asistat la fapte similare din partea persoanei implicate?&#8221; field_type=&#8221;radio&#8221; radio_options=&#8221;%91{%22value%22:%22Da%22,%22checked%22:0,%22dragID%22:-1},{%22value%22:%22Nu%22,%22checked%22:0,%22dragID%22:0}%93&#8243; fullwidth_field=&#8221;on&#8221; _builder_version=&#8221;4.27.4&#8243; _module_preset=&#8221;default&#8221; global_colors_info=&#8221;{}&#8221;][\/et_pb_contact_field][\/et_pb_contact_form][\/et_pb_column][\/et_pb_row][\/et_pb_section]<\/p>\n","protected":false},"excerpt":{"rendered":"<p>FORMULAR de sesizare a faptelor de violen\u021b\u0103 \u0219i alte abateri de la normele de bun\u0103 conduit\u0103, de c\u0103tre elevi sau personalul \u0219colii<\/p>\n","protected":false},"author":1,"featured_media":0,"parent":0,"menu_order":0,"comment_status":"closed","ping_status":"closed","template":"","meta":{"_et_pb_use_builder":"on","_et_pb_old_content":"","_et_gb_content_width":"","footnotes":""},"class_list":["post-815","page","type-page","status-publish","hentry"],"_links":{"self":[{"href":"https:\/\/www.gradinitasfantamarina.ro\/index.php?rest_route=\/wp\/v2\/pages\/815","targetHints":{"allow":["GET"]}}],"collection":[{"href":"https:\/\/www.gradinitasfantamarina.ro\/index.php?rest_route=\/wp\/v2\/pages"}],"about":[{"href":"https:\/\/www.gradinitasfantamarina.ro\/index.php?rest_route=\/wp\/v2\/types\/page"}],"author":[{"embeddable":true,"href":"https:\/\/www.gradinitasfantamarina.ro\/index.php?rest_route=\/wp\/v2\/users\/1"}],"replies":[{"embeddable":true,"href":"https:\/\/www.gradinitasfantamarina.ro\/index.php?rest_route=%2Fwp%2Fv2%2Fcomments&post=815"}],"version-history":[{"count":9,"href":"https:\/\/www.gradinitasfantamarina.ro\/index.php?rest_route=\/wp\/v2\/pages\/815\/revisions"}],"predecessor-version":[{"id":836,"href":"https:\/\/www.gradinitasfantamarina.ro\/index.php?rest_route=\/wp\/v2\/pages\/815\/revisions\/836"}],"wp:attachment":[{"href":"https:\/\/www.gradinitasfantamarina.ro\/index.php?rest_route=%2Fwp%2Fv2%2Fmedia&parent=815"}],"curies":[{"name":"wp","href":"https:\/\/api.w.org\/{rel}","templated":true}]}}